{"id":6947,"date":"2025-07-16T13:36:03","date_gmt":"2025-07-16T16:36:03","guid":{"rendered":"https:\/\/noticiarioregional.com.br\/?page_id=6947"},"modified":"2026-01-28T11:09:58","modified_gmt":"2026-01-28T14:09:58","slug":"edicoes-3","status":"publish","type":"page","link":"https:\/\/noticiarioregional.com.br\/?page_id=6947","title":{"rendered":"Edi\u00e7\u00f5es"},"content":{"rendered":"\n<p class=\"has-large-font-size\"><strong><a href=\"https:\/\/noticiarioregional.com.br\/?post_type=3d-flip-book&amp;p=8313&amp;preview=true\">Jornal edi\u00e7\u00e3o 1099<\/a><\/strong><\/p>\n\n\n\n<p class=\"has-large-font-size\"><strong><a href=\"https:\/\/noticiarioregional.com.br\/?3d-flip-book=edicao-1084\">Jornal edi\u00e7\u00e3o 1084<\/a><\/strong><\/p>\n\n\n\n<p class=\"has-large-font-size\"><strong><a href=\"https:\/\/noticiarioregional.com.br\/?3d-flip-book=edicao-1083\">Jornal edi\u00e7\u00e3o 1083<\/a><\/strong><\/p>\n\n\n\n<p class=\"has-large-font-size\"><strong><a href=\"https:\/\/noticiarioregional.com.br\/?3d-flip-book=edicao-1082\">Jornal edi\u00e7\u00e3o 1082<\/a><\/strong><\/p>\n\n\n\n<p class=\"has-large-font-size\"><strong><a href=\"https:\/\/noticiarioregional.com.br\/?post_type=3d-flip-book&amp;p=7419&amp;preview=true\">Jornal edi\u00e7\u00e3o 1081<\/a><\/strong><\/p>\n\n\n\n<p class=\"has-large-font-size\"><strong><a href=\"https:\/\/noticiarioregional.com.br\/?3d-flip-book=edicao-1080\">Jornal edi\u00e7\u00e3o 1080<\/a><\/strong><\/p>\n\n\n\n<p class=\"has-large-font-size\"><a href=\"https:\/\/noticiarioregional.com.br\/?post_type=3d-flip-book&amp;p=7249&amp;preview=true\"><strong>Jornal edi\u00e7\u00e3o 1079<\/strong><\/a><\/p>\n\n\n\n<p class=\"has-large-font-size\"><a href=\"https:\/\/noticiarioregional.com.br\/?3d-flip-book=edicao-1078\"><strong>Jornal edi\u00e7\u00e3o 1078<\/strong><\/a><\/p>\n\n\n\n<p class=\"has-large-font-size\"><strong><a href=\"https:\/\/noticiarioregional.com.br\/?3d-flip-book=edicao-1077\">Jornal edi\u00e7\u00e3o 1077<\/a><\/strong><\/p>\n\n\n\n<p class=\"has-large-font-size\"><strong><a href=\"https:\/\/noticiarioregional.com.br\/?3d-flip-book=edicao-1076\">Jornal edi\u00e7\u00e3o 1076<\/a><\/strong><\/p>\n\n\n\n<p class=\"has-large-font-size\"><a title=\"\" href=\"https:\/\/noticiarioregional.com.br\/?3d-flip-book=edicao-1075\"><strong>Jornal edi\u00e7\u00e3o 1075<\/strong><\/a><\/p>\n\n\n\n<h2 class=\"wp-block-heading has-large-font-size\"><a href=\"https:\/\/noticiarioregional.com.br\/?3d-flip-book=edicao-1074\" title=\"\"><strong>Jornal edi\u00e7\u00e3o 1074<\/strong><\/a><\/h2>\n\n\n\n<p class=\"has-large-font-size\"><a href=\"https:\/\/noticiarioregional.com.br\/?3d-flip-book=edicao-1073\" title=\"\"><strong>Jornal edi\u00e7\u00e3o 1073<\/strong><\/a><\/p>\n\n\n\n<p class=\"has-large-font-size\"><a href=\"https:\/\/noticiarioregional.com.br\/?3d-flip-book=edicao-1072\" title=\"\"><strong>Jornal edi\u00e7\u00e3o 1072<\/strong><\/a><\/p>\n\n\n\n<p class=\"has-large-font-size\"><a href=\"https:\/\/noticiarioregional.com.br\/?3d-flip-book=edicao-1071\" title=\"\"><strong>Jornal edi\u00e7\u00e3o 1071<\/strong><\/a><\/p>\n\n\n\n<p class=\"has-large-font-size\"><a href=\"https:\/\/noticiarioregional.com.br\/?3d-flip-book=edicao-1070\" title=\"\"><strong>Jornal edi\u00e7\u00e3o 1070<\/strong><\/a><\/p>\n\n\n\n<p class=\"has-large-font-size\"><a href=\"https:\/\/noticiarioregional.com.br\/?3d-flip-book=edicao-1069\" title=\"\"><strong>Jornal edi\u00e7\u00e3o 1069<\/strong><\/a><\/p>\n\n\n\n<p class=\"has-large-font-size\"><a href=\"https:\/\/noticiarioregional.com.br\/?3d-flip-book=edicao-1068\" title=\"\"><strong>Jornal edi\u00e7\u00e3o 1068<\/strong><\/a><\/p>\n\n\n\n<p class=\"has-large-font-size\"><a href=\"https:\/\/noticiarioregional.com.br\/?3d-flip-book=edicao-1067\" title=\"\"><strong>Jornal edi\u00e7\u00e3o 1067<\/strong><\/a><\/p>\n\n\n\n<p class=\"has-large-font-size\"><a href=\"https:\/\/noticiarioregional.com.br\/?3d-flip-book=edicao-1066\" title=\"\"><strong>Jornal edi\u00e7\u00e3o 1066<\/strong><\/a><\/p>\n\n\n\n<p class=\"has-large-font-size\"><a href=\"https:\/\/noticiarioregional.com.br\/?3d-flip-book=edicao-1065\" title=\"\"><strong>Jornal edi\u00e7\u00e3o 1065<\/strong><\/a><\/p>\n\n\n\n<p class=\"has-large-font-size\"><a href=\"https:\/\/noticiarioregional.com.br\/?3d-flip-book=jornal-edicao-1064\" title=\"\"><strong>Jornal edi\u00e7\u00e3o 1064<\/strong><\/a><\/p>\n\n\n\n<p class=\"has-large-font-size\"><a href=\"https:\/\/noticiarioregional.com.br\/?3d-flip-book=jornal-edicao-1063\" title=\"\"><strong>Jornal edi\u00e7\u00e3o 1063<\/strong><\/a><\/p>\n\n\n\n<p class=\"has-large-font-size\"><a href=\"https:\/\/noticiarioregional.com.br\/?3d-flip-book=jornal-edicao-1062\" title=\"\"><strong>Jornal edi\u00e7\u00e3o 1062<\/strong><\/a><\/p>\n\n\n\n<p class=\"has-large-font-size\"><a href=\"https:\/\/noticiarioregional.com.br\/wp-admin\/post.php?post=5657&amp;action=edit\"><\/a><a href=\"https:\/\/noticiarioregional.com.br\/?3d-flip-book=jornal-edicao-1061\" title=\"\"><strong>Jornal edi\u00e7\u00e3o 1061<\/strong><\/a><\/p>\n\n\n\n<p><\/p>\n","protected":false},"excerpt":{"rendered":"<p>Jornal edi\u00e7\u00e3o 1099 Jornal edi\u00e7\u00e3o 1084 Jornal edi\u00e7\u00e3o 1083 Jornal edi\u00e7\u00e3o 1082 Jornal edi\u00e7\u00e3o 1081 Jornal edi\u00e7\u00e3o 1080 Jornal edi\u00e7\u00e3o 1079 Jornal edi\u00e7\u00e3o 1078 Jornal edi\u00e7\u00e3o 1077 Jornal edi\u00e7\u00e3o 1076 Jornal edi\u00e7\u00e3o 1075 Jornal edi\u00e7\u00e3o 1074 Jornal edi\u00e7\u00e3o 1073 Jornal edi\u00e7\u00e3o 1072 Jornal edi\u00e7\u00e3o 1071 Jornal edi\u00e7\u00e3o 1070 Jornal edi\u00e7\u00e3o 1069 Jornal edi\u00e7\u00e3o 1068 Jornal<\/p>\n","protected":false},"author":1,"featured_media":0,"parent":0,"menu_order":0,"comment_status":"closed","ping_status":"closed","template":"","meta":{"footnotes":""},"class_list":["post-6947","page","type-page","status-publish"],"_links":{"self":[{"href":"https:\/\/noticiarioregional.com.br\/index.php?rest_route=\/wp\/v2\/pages\/6947","targetHints":{"allow":["GET"]}}],"collection":[{"href":"https:\/\/noticiarioregional.com.br\/index.php?rest_route=\/wp\/v2\/pages"}],"about":[{"href":"https:\/\/noticiarioregional.com.br\/index.php?rest_route=\/wp\/v2\/types\/page"}],"author":[{"embeddable":true,"href":"https:\/\/noticiarioregional.com.br\/index.php?rest_route=\/wp\/v2\/users\/1"}],"replies":[{"embeddable":true,"href":"https:\/\/noticiarioregional.com.br\/index.php?rest_route=%2Fwp%2Fv2%2Fcomments&post=6947"}],"version-history":[{"count":9,"href":"https:\/\/noticiarioregional.com.br\/index.php?rest_route=\/wp\/v2\/pages\/6947\/revisions"}],"predecessor-version":[{"id":8318,"href":"https:\/\/noticiarioregional.com.br\/index.php?rest_route=\/wp\/v2\/pages\/6947\/revisions\/8318"}],"wp:attachment":[{"href":"https:\/\/noticiarioregional.com.br\/index.php?rest_route=%2Fwp%2Fv2%2Fmedia&parent=6947"}],"curies":[{"name":"wp","href":"https:\/\/api.w.org\/{rel}","templated":true}]}}